{"id":2859,"date":"2016-06-20T19:04:24","date_gmt":"2016-06-20T19:04:24","guid":{"rendered":"https:\/\/casatibudapesthotel.com\/home\/"},"modified":"2024-06-27T15:25:05","modified_gmt":"2024-06-27T15:25:05","slug":"home","status":"publish","type":"page","link":"https:\/\/casatibudapesthotel.com\/hu\/","title":{"rendered":"F\u0151oldal"},"content":{"rendered":"<p>CASATI HOTEL ADULTS ONLY<br \/>\n1 sz\u00e1lloda, 4 st\u00edlus<br \/>\nA 2018 \u00c9v Sz\u00e1llod\u00e1ja d\u00edjnyertes butik sz\u00e1lloda egy rejtett gy\u00f6ngyszem Budapest belv\u00e1ros\u00e1ban, 25 egyedi tervez\u00e9s\u0171 t\u00e1gas szob\u00e1val, wellness \u00e9s fitnesz lehet\u0151s\u00e9ggel, gazdag b\u00fcf\u00e9 reggelivel \u00e9s kedves kiszolg\u00e1l\u00e1ssal.<br \/>\nA Tripadvisor rangsor alapj\u00e1n az egyik legromantikusabb budapesti sz\u00e1llodak\u00e9nt kellemes, pihentet\u0151 l\u00e9gk\u00f6rt biztos\u00edtunk kiz\u00e1r\u00f3lag feln\u0151tteknek, p\u00e1roknak vagy kis csoportoknak maximum 6 f\u0151ig.<\/p>\n","protected":false},"excerpt":{"rendered":"<p>CASATI HOTEL ADULTS ONLY 1 sz\u00e1lloda, 4 st\u00edlus A 2018 \u00c9v Sz\u00e1llod\u00e1ja d\u00edjnyertes butik sz\u00e1lloda egy rejtett gy\u00f6ngyszem Budapest belv\u00e1ros\u00e1ban, 25 egyedi tervez\u00e9s\u0171 t\u00e1gas szob\u00e1val, wellness \u00e9s fitnesz lehet\u0151s\u00e9ggel, gazdag b\u00fcf\u00e9 reggelivel \u00e9s kedves kiszolg\u00e1l\u00e1ssal. A Tripadvisor rangsor alapj\u00e1n az egyik legromantikusabb budapesti sz\u00e1llodak\u00e9nt kellemes, pihentet\u0151 l\u00e9gk\u00f6rt biztos\u00edtunk kiz\u00e1r\u00f3lag feln\u0151tteknek, p\u00e1roknak vagy kis csoportoknak maximum...<\/p>\n","protected":false},"author":1,"featured_media":0,"parent":0,"menu_order":0,"comment_status":"closed","ping_status":"closed","template":"page-templates\/front-page.php","meta":{"footnotes":""},"_links":{"self":[{"href":"https:\/\/casatibudapesthotel.com\/hu\/wp-json\/wp\/v2\/pages\/2859"}],"collection":[{"href":"https:\/\/casatibudapesthotel.com\/hu\/wp-json\/wp\/v2\/pages"}],"about":[{"href":"https:\/\/casatibudapesthotel.com\/hu\/wp-json\/wp\/v2\/types\/page"}],"author":[{"embeddable":true,"href":"https:\/\/casatibudapesthotel.com\/hu\/wp-json\/wp\/v2\/users\/1"}],"replies":[{"embeddable":true,"href":"https:\/\/casatibudapesthotel.com\/hu\/wp-json\/wp\/v2\/comments?post=2859"}],"version-history":[{"count":2,"href":"https:\/\/casatibudapesthotel.com\/hu\/wp-json\/wp\/v2\/pages\/2859\/revisions"}],"predecessor-version":[{"id":2862,"href":"https:\/\/casatibudapesthotel.com\/hu\/wp-json\/wp\/v2\/pages\/2859\/revisions\/2862"}],"wp:attachment":[{"href":"https:\/\/casatibudapesthotel.com\/hu\/wp-json\/wp\/v2\/media?parent=2859"}],"curies":[{"name":"wp","href":"https:\/\/api.w.org\/{rel}","templated":true}]}}